{"id":24,"date":"2022-06-25T20:04:14","date_gmt":"2022-06-25T18:04:14","guid":{"rendered":"https:\/\/florenceplateau.fr\/?page_id=24"},"modified":"2024-03-13T12:21:20","modified_gmt":"2024-03-13T11:21:20","slug":"bienvenue","status":"publish","type":"page","link":"https:\/\/florenceplateau.fr\/","title":{"rendered":"Bienvenue \u00e0 vous parents !"},"content":{"rendered":"\n<div class=\"wp-block-media-text alignwide is-stacked-on-mobile is-style-rounded\" style=\"grid-template-columns:17% auto\"><figure class=\"wp-block-media-text__media\"><img loading=\"lazy\" decoding=\"async\" width=\"644\" height=\"928\" src=\"http:\/\/florenceplateau.fr\/wp-content\/uploads\/2022\/11\/Florence.jpeg\" alt=\"\" class=\"wp-image-101 size-full\" srcset=\"https:\/\/florenceplateau.fr\/wp-content\/uploads\/2022\/11\/Florence.jpeg 644w, https:\/\/florenceplateau.fr\/wp-content\/uploads\/2022\/11\/Florence-208x300.jpeg 208w, https:\/\/florenceplateau.fr\/wp-content\/uploads\/2022\/11\/Florence-42x60.jpeg 42w\" sizes=\"auto, (max-width: 644px) 100vw, 644px\" \/><\/figure><div class=\"wp-block-media-text__content\">\n<p>Je m&#8217;appelle Florence Plateau et j&#8217;ai l&#8217;ambition de vous soutenir dans votre cheminement vers plus de joie et de s\u00e9r\u00e9nit\u00e9 en famille. Pour cela, j&#8217;anime des ateliers d&#8217;accompagnement \u00e0 la parentalit\u00e9 en pr\u00e9sentiel et en visio, pour des entreprises et des structures publiques. J&#8217;ai suivi une formation de 2 ans avec <a href=\"https:\/\/parentalitecreative.com\/catherine-dumonteil-kremer\/\" target=\"_blank\" rel=\"noreferrer noopener\">Catherine Dumonteil-Kremer<\/a> de l&#8217;institut <a href=\"https:\/\/parentalitecreative.com\/\" target=\"_blank\" rel=\"noreferrer noopener\">Parentalit\u00e9 Cr\u00e9ative<\/a> qui m&#8217;a d\u00e9cern\u00e9 le titre de Consultante en Parentalit\u00e9.<\/p>\n<\/div><\/div>\n\n\n\n<ul class=\"wp-block-social-links is-style-logos-only is-content-justification-center is-layout-flex wp-container-core-social-links-is-layout-16018d1d wp-block-social-links-is-layout-flex\"><li class=\"wp-social-link wp-social-link-instagram  wp-block-social-link\"><a rel=\"noopener nofollow\" target=\"_blank\" href=\"https:\/\/www.instagram.com\/parentamitie\/\" class=\"wp-block-social-link-anchor\"><svg width=\"24\" height=\"24\" viewBox=\"0 0 24 24\" version=\"1.1\" xmlns=\"http:\/\/www.w3.org\/2000\/svg\" aria-hidden=\"true\" focusable=\"false\"><path d=\"M12,4.622c2.403,0,2.688,0.009,3.637,0.052c0.877,0.04,1.354,0.187,1.671,0.31c0.42,0.163,0.72,0.358,1.035,0.673 c0.315,0.315,0.51,0.615,0.673,1.035c0.123,0.317,0.27,0.794,0.31,1.671c0.043,0.949,0.052,1.234,0.052,3.637 s-0.009,2.688-0.052,3.637c-0.04,0.877-0.187,1.354-0.31,1.671c-0.163,0.42-0.358,0.72-0.673,1.035 c-0.315,0.315-0.615,0.51-1.035,0.673c-0.317,0.123-0.794,0.27-1.671,0.31c-0.949,0.043-1.233,0.052-3.637,0.052 s-2.688-0.009-3.637-0.052c-0.877-0.04-1.354-0.187-1.671-0.31c-0.42-0.163-0.72-0.358-1.035-0.673 c-0.315-0.315-0.51-0.615-0.673-1.035c-0.123-0.317-0.27-0.794-0.31-1.671C4.631,14.688,4.622,14.403,4.622,12 s0.009-2.688,0.052-3.637c0.04-0.877,0.187-1.354,0.31-1.671c0.163-0.42,0.358-0.72,0.673-1.035 c0.315-0.315,0.615-0.51,1.035-0.673c0.317-0.123,0.794-0.27,1.671-0.31C9.312,4.631,9.597,4.622,12,4.622 M12,3 C9.556,3,9.249,3.01,8.289,3.054C7.331,3.098,6.677,3.25,6.105,3.472C5.513,3.702,5.011,4.01,4.511,4.511 c-0.5,0.5-0.808,1.002-1.038,1.594C3.25,6.677,3.098,7.331,3.054,8.289C3.01,9.249,3,9.556,3,12c0,2.444,0.01,2.751,0.054,3.711 c0.044,0.958,0.196,1.612,0.418,2.185c0.23,0.592,0.538,1.094,1.038,1.594c0.5,0.5,1.002,0.808,1.594,1.038 c0.572,0.222,1.227,0.375,2.185,0.418C9.249,20.99,9.556,21,12,21s2.751-0.01,3.711-0.054c0.958-0.044,1.612-0.196,2.185-0.418 c0.592-0.23,1.094-0.538,1.594-1.038c0.5-0.5,0.808-1.002,1.038-1.594c0.222-0.572,0.375-1.227,0.418-2.185 C20.99,14.751,21,14.444,21,12s-0.01-2.751-0.054-3.711c-0.044-0.958-0.196-1.612-0.418-2.185c-0.23-0.592-0.538-1.094-1.038-1.594 c-0.5-0.5-1.002-0.808-1.594-1.038c-0.572-0.222-1.227-0.375-2.185-0.418C14.751,3.01,14.444,3,12,3L12,3z M12,7.378 c-2.552,0-4.622,2.069-4.622,4.622S9.448,16.622,12,16.622s4.622-2.069,4.622-4.622S14.552,7.378,12,7.378z M12,15 c-1.657,0-3-1.343-3-3s1.343-3,3-3s3,1.343,3,3S13.657,15,12,15z M16.804,6.116c-0.596,0-1.08,0.484-1.08,1.08 s0.484,1.08,1.08,1.08c0.596,0,1.08-0.484,1.08-1.08S17.401,6.116,16.804,6.116z\"><\/path><\/svg><span class=\"wp-block-social-link-label screen-reader-text\">@parentamitie<\/span><\/a><\/li><\/ul>\n","protected":false},"excerpt":{"rendered":"<p>Je m&#8217;appelle Florence Plateau et j&#8217;ai l&#8217;ambition de vous soutenir dans votre cheminement vers plus de joie et de s\u00e9r\u00e9nit\u00e9 en famille. Pour cela, j&#8217;anime &hellip; <\/p>\n","protected":false},"author":1,"featured_media":0,"parent":0,"menu_order":0,"comment_status":"closed","ping_status":"closed","template":"","meta":{"footnotes":""},"class_list":["post-24","page","type-page","status-publish","hentry","latest_post"],"_links":{"self":[{"href":"https:\/\/florenceplateau.fr\/index.php?rest_route=\/wp\/v2\/pages\/24","targetHints":{"allow":["GET"]}}],"collection":[{"href":"https:\/\/florenceplateau.fr\/index.php?rest_route=\/wp\/v2\/pages"}],"about":[{"href":"https:\/\/florenceplateau.fr\/index.php?rest_route=\/wp\/v2\/types\/page"}],"author":[{"embeddable":true,"href":"https:\/\/florenceplateau.fr\/index.php?rest_route=\/wp\/v2\/users\/1"}],"replies":[{"embeddable":true,"href":"https:\/\/florenceplateau.fr\/index.php?rest_route=%2Fwp%2Fv2%2Fcomments&post=24"}],"version-history":[{"count":11,"href":"https:\/\/florenceplateau.fr\/index.php?rest_route=\/wp\/v2\/pages\/24\/revisions"}],"predecessor-version":[{"id":108,"href":"https:\/\/florenceplateau.fr\/index.php?rest_route=\/wp\/v2\/pages\/24\/revisions\/108"}],"wp:attachment":[{"href":"https:\/\/florenceplateau.fr\/index.php?rest_route=%2Fwp%2Fv2%2Fmedia&parent=24"}],"curies":[{"name":"wp","href":"https:\/\/api.w.org\/{rel}","templated":true}]}}